{"id":18,"date":"2020-11-11T19:16:12","date_gmt":"2020-11-11T19:16:12","guid":{"rendered":"https:\/\/ctgroup.com.br\/novo\/?page_id=18"},"modified":"2025-07-30T15:29:12","modified_gmt":"2025-07-30T18:29:12","slug":"privacidade-e-seguranca","status":"publish","type":"page","link":"https:\/\/ctgroup.com.br\/pt_br\/privacidade-e-seguranca\/","title":{"rendered":"Privacidade e Seguran\u00e7a"},"content":{"rendered":"\t\t<div data-elementor-type=\"wp-page\" data-elementor-id=\"18\" class=\"elementor elementor-18\">\n\t\t\t\t\t\t<section class=\"elementor-section elementor-top-section elementor-element elementor-element-6275f175 elementor-section-boxed elementor-section-height-default elementor-section-height-default\" data-id=\"6275f175\" data-element_type=\"section\" data-e-type=\"section\">\n\t\t\t\t\t\t<div class=\"elementor-container elementor-column-gap-default\">\n\t\t\t\t\t<div class=\"elementor-column elementor-col-100 elementor-top-column elementor-element elementor-element-6a229e53\" data-id=\"6a229e53\" data-element_type=\"column\" data-e-type=\"column\">\n\t\t\t<div class=\"elementor-widget-wrap elementor-element-populated\">\n\t\t\t\t\t\t<div class=\"elementor-element elementor-element-1680bb7e elementor-widget elementor-widget-text-editor\" data-id=\"1680bb7e\" data-element_type=\"widget\" data-e-type=\"widget\" data-widget_type=\"text-editor.default\">\n\t\t\t\t<div class=\"elementor-widget-container\">\n\t\t\t\t\t\t\t\t\t<p>O <b>CT Group <\/b>est\u00e1 comprometida em seguir as melhores pr\u00e1ticas internacionais de privacidade e prote\u00e7\u00e3o de dados, para tanto promove e incentiva o atendimento integral dos direitos, princ\u00edpio e fundamentos previstos na Lei Geral de Prote\u00e7\u00e3o de Dados, de forma que adotamos todas as medidas necess\u00e1rias para observar:<\/p><ol><li>o respeito \u00e0 privacidade;<\/li><li>a autodetermina\u00e7\u00e3o informativa;<\/li><li>a liberdade de express\u00e3o, de informa\u00e7\u00e3o, de comunica\u00e7\u00e3o e de opini\u00e3o;<\/li><li>a inviolabilidade da intimidade, da honra e da imagem;<\/li><li>o desenvolvimento econ\u00f4mico, tecnol\u00f3gico e a inova\u00e7\u00e3o;<\/li><li>a livre iniciativa, a livre concorr\u00eancia e a defesa do consumidor;<\/li><li>os direitos humanos, o livre desenvolvimento da personalidade, a dignidade e o exerc\u00edcio da cidadania pelas pessoas naturais.<\/li><\/ol><p>Ainda, toda a opera\u00e7\u00e3o da empresa que necessite o tratamento de dados pessoais \u00e9 realizada observando a boa-f\u00e9 e atendendo os princ\u00edpios previstos na Lei Geral de Prote\u00e7\u00e3o de Dados, quais sejam:<\/p><p>I \u2013 finalidade<\/p><p>II \u2013 adequa\u00e7\u00e3o<\/p><p>III \u2013 necessidade<\/p><p>IV \u2013 livre acesso<\/p><p>V \u2013 qualidade dos dados<\/p><p>VI \u2013 transpar\u00eancia<\/p><p>VII \u2013 seguran\u00e7a<\/p><p>VIII \u2013 preven\u00e7\u00e3o<\/p><p>IX \u2013 n\u00e3o discrimina\u00e7\u00e3o<\/p><p>X \u2013 responsabiliza\u00e7\u00e3o e presta\u00e7\u00e3o de contas<\/p><p>Al\u00e9m desses princ\u00edpios a <b>CT Group<\/b>\u00a0adota ferramentas eficazes para garantir a seguran\u00e7a dos dados e informa\u00e7\u00f5es que est\u00e3o em nosso poder.<\/p><p>Caso queira saber mais sobre a nossa pol\u00edtica de privacidade e prote\u00e7\u00e3o de dados\u00a0<a href=\"https:\/\/ctgroup.com.br\/wp-content\/uploads\/2025\/07\/Politica-de-Privacidade-e-Protecao-de-Dados-CT.pdf\" target=\"_blank\" rel=\"noopener\"><strong><u>acesse aqui<\/u><\/strong>.<\/a><\/p><p>Caso queira saber mais sobre o uso de cookies no nosso site e a nossa pol\u00edtica de cookies,\u00a0<a href=\"\/docs\/cookies.pdf\"><strong><u>acesse aqui<\/u><\/strong><\/a>.<\/p><p align=\"center\">Caso voc\u00ea seja um titular de dados e queira entrar em contato conosco, poder\u00e1 utilizar o formul\u00e1rio abaixo. Ao informar os seus dados neste formul\u00e1rio esteja ciente de que seus dados ser\u00e3o utilizados t\u00e3o somente para atendimento da sua solicita\u00e7\u00e3o e para respond\u00ea-lo da melhor forma poss\u00edvel.<\/p><p align=\"center\"><div class=\"frm_forms  with_frm_style frm_style_estilo-formidable\" id=\"frm_form_2_container\" data-token=\"3f6b9268b8569aaa34b1736753d50921\">\n<form enctype=\"multipart\/form-data\" method=\"post\" class=\"frm-show-form \" id=\"form_formulario-pag-de-privacidade-ct\" data-token=\"3f6b9268b8569aaa34b1736753d50921\">\n<div class=\"frm_form_fields \">\n<fieldset>\n<legend class=\"frm_screen_reader\">Formul\u00e1rio pag de Privacidade CT<\/legend>\r\n\r\n<div class=\"frm_fields_container\">\n<input type=\"hidden\" name=\"frm_action\" value=\"create\" \/>\n<input type=\"hidden\" name=\"form_id\" value=\"2\" \/>\n<input type=\"hidden\" name=\"frm_hide_fields_2\" id=\"frm_hide_fields_2\" value=\"\" \/>\n<input type=\"hidden\" name=\"form_key\" value=\"formulario-pag-de-privacidade-ct\" \/>\n<input type=\"hidden\" name=\"item_meta[0]\" value=\"\" \/>\n<input type=\"hidden\" id=\"frm_submit_entry_2\" name=\"frm_submit_entry_2\" value=\"184a5aabfd\" \/><input type=\"hidden\" name=\"_wp_http_referer\" value=\"\/pt_br\/wp-json\/wp\/v2\/pages\/18\" \/><div id=\"frm_field_7_container\" class=\"frm_form_field form-field  frm_required_field frm_top_container\">\r\n\t<div  id=\"field_83qdj_label\" class=\"frm_primary_label\">Nome\r\n\t\t<span class=\"frm_required\" aria-hidden=\"true\">*<\/span>\r\n\t<\/div>\r\n\t<fieldset aria-labelledby=\"field_83qdj_label\">\n\t<legend class=\"frm_screen_reader frm_hidden\">\n\t\tNome\t<\/legend>\n\n\t<div  class=\"frm_combo_inputs_container\" id=\"frm_combo_inputs_container_7\" data-name-layout=\"first_last\">\n\t\t\t\t\t<div\n\t\t\t\tid=\"frm_field_7-first_container\"\n\t\t\t\tclass=\"frm_form_field form-field frm_form_subfield-first  frm6\"\n\t\t\t\tdata-sub-field-name=\"first\"\n\t\t\t>\n\t\t\t\t<label for=\"field_83qdj_first\" class=\"frm_screen_reader frm_hidden\">\n\t\t\t\t\tNome Completo\t\t\t\t<\/label>\n\n\t\t\t\t\t\t\t\t\t\t<input\n\t\t\t\t\t\t\ttype=\"text\"\n\t\t\t\t\t\t\tid=\"field_83qdj_first\"\n\t\t\t\t\t\t\tvalue=\"\"\n\t\t\t\t\t\t\tname=\"item_meta[7][first]\"  data-reqmsg=\"O Nome n\u00e3o pode ficar em branco.\" aria-required=\"true\" data-invmsg=\"Nome \u00e9 inv\u00e1lido\" aria-invalid=\"false\"  \t\t\t\t\t\t\/>\n\t\t\t\t\t\t<div class=\"frm_description\" id=\"frm_field_7_first_desc\">Nome Completo<\/div>\t\t\t<\/div>\n\t\t\t\t\t\t<div\n\t\t\t\tid=\"frm_field_7-last_container\"\n\t\t\t\tclass=\"frm_form_field form-field frm_form_subfield-last  frm6\"\n\t\t\t\tdata-sub-field-name=\"last\"\n\t\t\t>\n\t\t\t\t<label for=\"field_83qdj_last\" class=\"frm_screen_reader frm_hidden\">\n\t\t\t\t\tNome Social\t\t\t\t<\/label>\n\n\t\t\t\t\t\t\t\t\t\t<input\n\t\t\t\t\t\t\ttype=\"text\"\n\t\t\t\t\t\t\tid=\"field_83qdj_last\"\n\t\t\t\t\t\t\tvalue=\"\"\n\t\t\t\t\t\t\tname=\"item_meta[7][last]\"  data-reqmsg=\"O Nome n\u00e3o pode ficar em branco.\" aria-required=\"true\" data-invmsg=\"Nome \u00e9 inv\u00e1lido\" aria-invalid=\"false\"  \t\t\t\t\t\t\/>\n\t\t\t\t\t\t<div class=\"frm_description\" id=\"frm_field_7_last_desc\">Nome Social<\/div>\t\t\t<\/div>\n\t\t\t\t<\/div>\n<\/fieldset>\n\r\n\t\r\n\t\r\n<\/div>\n<div id=\"frm_field_10_container\" class=\"frm_form_field form-field  frm_required_field frm_top_container frm6 frm_first\">\r\n\t<label for=\"field_hwaha\" id=\"field_hwaha_label\" class=\"frm_primary_label\">E-mail\r\n\t\t<span class=\"frm_required\" aria-hidden=\"true\">*<\/span>\r\n\t<\/label>\r\n\t<input type=\"email\" id=\"field_hwaha\" name=\"item_meta[10]\" value=\"\"  data-reqmsg=\"O E-mail n\u00e3o pode ficar em branco.\" aria-required=\"true\" data-invmsg=\"E-mail \u00e9 inv\u00e1lido\" aria-invalid=\"false\"  \/>\r\n\t\r\n\t\r\n<\/div>\n<div id=\"frm_field_11_container\" class=\"frm_form_field form-field  frm_required_field frm_top_container frm6\">\r\n\t<label for=\"field_tllor\" id=\"field_tllor_label\" class=\"frm_primary_label\">Telefone\r\n\t\t<span class=\"frm_required\" aria-hidden=\"true\">*<\/span>\r\n\t<\/label>\r\n\t<input type=\"tel\" id=\"field_tllor\" name=\"item_meta[11]\" value=\"\"  data-reqmsg=\"O Telefone n\u00e3o pode ficar em branco.\" aria-required=\"true\" data-invmsg=\"Telefone \u00e9 inv\u00e1lido\" aria-invalid=\"false\" pattern=\"((\\+\\d{1,3}(-|.| )?\\(?\\d\\)?(-| |.)?\\d{1,5})|(\\(?\\d{2,6}\\)?))(-|.| )?(\\d{3,4})(-|.| )?(\\d{4})(( x| ext)\\d{1,5}){0,1}$\"  \/>\r\n\t\r\n\t\r\n<\/div>\n<div id=\"frm_field_12_container\" class=\"frm_form_field form-field  frm_required_field frm_top_container\">\r\n\t<label for=\"field_n0kqk\" id=\"field_n0kqk_label\" class=\"frm_primary_label\">Selecione um tipo de Requisi\u00e7\u00e3o\r\n\t\t<span class=\"frm_required\" aria-hidden=\"true\">*<\/span>\r\n\t<\/label>\r\n\t\t\t<select name=\"item_meta[12]\" id=\"field_n0kqk\"  data-reqmsg=\"O Selecione um tipo de Requisi\u00e7\u00e3o n\u00e3o pode ficar em branco.\" aria-required=\"true\" data-invmsg=\"Selecione um tipo de Requisi\u00e7\u00e3o \u00e9 inv\u00e1lido\" aria-invalid=\"false\"  >\n\t\t<option  value=\"Confirma\u00e7\u00e3o da exist\u00eancia de tratamento\">Confirma\u00e7\u00e3o da exist\u00eancia de tratamento<\/option><option  value=\"Acesso a seus dados pessoais\">Acesso a seus dados pessoais<\/option><option  value=\"Corre\u00e7\u00e3o de dados incompletos, inexatos ou desatualizados\">Corre\u00e7\u00e3o de dados incompletos, inexatos ou desatualizados<\/option><option  value=\"Elimina\u00e7\u00e3o de dados pessoais (Direito ao esquecimento)\">Elimina\u00e7\u00e3o de dados pessoais (Direito ao esquecimento)<\/option><option  value=\"Portabilidade de dados\">Portabilidade de dados<\/option>\t<\/select>\n\t\r\n\t\r\n\t\r\n<\/div>\n<div id=\"frm_field_13_container\" class=\"frm_form_field form-field  frm_top_container frm12 frm_first\">\r\n\t<label for=\"field_xr1rh\" id=\"field_xr1rh_label\" class=\"frm_primary_label\">Solicita\u00e7\u00e3o\r\n\t\t<span class=\"frm_required\" aria-hidden=\"true\"><\/span>\r\n\t<\/label>\r\n\t<input type=\"text\" id=\"field_xr1rh\" name=\"item_meta[13]\" value=\"\"  data-invmsg=\"Solicita\u00e7\u00e3o \u00e9 inv\u00e1lido\" aria-invalid=\"false\"  \/>\r\n\t\r\n\t\r\n<\/div>\n<div id=\"frm_field_6_container\" class=\"frm_form_field form-field  frm12 frm_first\">\r\n\t<div class=\"frm_submit frm_flex\">\r\n<button class=\"frm_button_submit\" type=\"submit\"  >Enviar<\/button>\r\n\r\n\r\n\r\n<\/div>\r\n<\/div>\n\t<input type=\"hidden\" name=\"item_key\" value=\"\" \/>\n\t\t\t<div id=\"frm_field_14_container\">\n\t\t\t<label for=\"field_fjyhk\" >\n\t\t\t\tSe voc\u00ea \u00e9 humano, deixe este campo em branco.\t\t\t<\/label>\n\t\t\t<input  id=\"field_fjyhk\" type=\"text\" class=\"frm_form_field form-field frm_verify\" name=\"item_meta[14]\" value=\"\"  \/>\n\t\t<\/div>\n\t\t<input name=\"frm_state\" type=\"hidden\" value=\"AXvqenqKUgrJASrQFDnQkqUNFGTk7jhJwCZ+Ty0FUMU=\" \/><\/div>\n<\/fieldset>\n<\/div>\n\n<p style=\"display: none !important;\" class=\"akismet-fields-container\" data-prefix=\"ak_\"><label>&#916;<textarea name=\"ak_hp_textarea\" cols=\"45\" rows=\"8\" maxlength=\"100\"><\/textarea><\/label><input type=\"hidden\" id=\"ak_js_1\" name=\"ak_js\" value=\"114\"\/><script>document.getElementById( \"ak_js_1\" ).setAttribute( \"value\", ( new Date() ).getTime() );<\/script><\/p><\/form>\n<\/div>\n<\/p>\t\t\t\t\t\t\t\t<\/div>\n\t\t\t\t<\/div>\n\t\t\t\t<div class=\"elementor-element elementor-element-dbc6b7e elementor-widget elementor-widget-image\" data-id=\"dbc6b7e\" data-element_type=\"widget\" data-e-type=\"widget\" data-widget_type=\"image.default\">\n\t\t\t\t<div class=\"elementor-widget-container\">\n\t\t\t\t\t\t\t\t\t\t\t\t\t\t\t<img fetchpriority=\"high\" decoding=\"async\" width=\"750\" height=\"417\" src=\"https:\/\/ctgroup.com.br\/wp-content\/uploads\/2025\/06\/pg-politica-de-privacidade-ct-1.png\" class=\"attachment-large size-large wp-image-630\" alt=\"\" srcset=\"https:\/\/ctgroup.com.br\/wp-content\/uploads\/2025\/06\/pg-politica-de-privacidade-ct-1.png 900w, https:\/\/ctgroup.com.br\/wp-content\/uploads\/2025\/06\/pg-politica-de-privacidade-ct-1-300x167.png 300w, https:\/\/ctgroup.com.br\/wp-content\/uploads\/2025\/06\/pg-politica-de-privacidade-ct-1-768x427.png 768w, https:\/\/ctgroup.com.br\/wp-content\/uploads\/2025\/06\/pg-politica-de-privacidade-ct-1-18x10.png 18w\" sizes=\"(max-width: 750px) 100vw, 750px\" \/>\t\t\t\t\t\t\t\t\t\t\t\t\t\t\t<\/div>\n\t\t\t\t<\/div>\n\t\t\t\t\t<\/div>\n\t\t<\/div>\n\t\t\t\t\t<\/div>\n\t\t<\/section>\n\t\t\t\t<\/div>\n\t\t","protected":false},"excerpt":{"rendered":"<p>O CT Group est\u00e1 comprometida em seguir as melhores pr\u00e1ticas internacionais de privacidade e prote\u00e7\u00e3o de dados, para tanto promove e incentiva o atendimento integral dos direitos, princ\u00edpio e fundamentos previstos na Lei Geral de Prote\u00e7\u00e3o de Dados, de forma que adotamos todas as medidas necess\u00e1rias para observar: o respeito [&hellip;]<\/p>\n","protected":false},"author":1,"featured_media":0,"parent":0,"menu_order":0,"comment_status":"closed","ping_status":"closed","template":"","meta":{"footnotes":""},"class_list":["post-18","page","type-page","status-publish","hentry"],"_links":{"self":[{"href":"https:\/\/ctgroup.com.br\/pt_br\/wp-json\/wp\/v2\/pages\/18","targetHints":{"allow":["GET"]}}],"collection":[{"href":"https:\/\/ctgroup.com.br\/pt_br\/wp-json\/wp\/v2\/pages"}],"about":[{"href":"https:\/\/ctgroup.com.br\/pt_br\/wp-json\/wp\/v2\/types\/page"}],"author":[{"embeddable":true,"href":"https:\/\/ctgroup.com.br\/pt_br\/wp-json\/wp\/v2\/users\/1"}],"replies":[{"embeddable":true,"href":"https:\/\/ctgroup.com.br\/pt_br\/wp-json\/wp\/v2\/comments?post=18"}],"version-history":[{"count":53,"href":"https:\/\/ctgroup.com.br\/pt_br\/wp-json\/wp\/v2\/pages\/18\/revisions"}],"predecessor-version":[{"id":665,"href":"https:\/\/ctgroup.com.br\/pt_br\/wp-json\/wp\/v2\/pages\/18\/revisions\/665"}],"wp:attachment":[{"href":"https:\/\/ctgroup.com.br\/pt_br\/wp-json\/wp\/v2\/media?parent=18"}],"curies":[{"name":"wp","href":"https:\/\/api.w.org\/{rel}","templated":true}]}}